{"id":50,"date":"2025-04-25T14:50:34","date_gmt":"2025-04-25T13:50:34","guid":{"rendered":"https:\/\/wp3.novida.fi\/luonnotarsivusto\/?page_id=50"},"modified":"2025-06-02T16:17:59","modified_gmt":"2025-06-02T16:17:59","slug":"tietoa-toiminnasta-2","status":"publish","type":"page","link":"https:\/\/www.luonnotar.net\/index.php\/tietoa-toiminnasta-2\/","title":{"rendered":"Tietoa toiminnasta"},"content":{"rendered":"\n<p>Villiyrttik\u00e4velyill\u00e4ni opetellaan tunnistamaan tavallisimpia luonnonyrttej\u00e4, niiden k\u00e4ytt\u00f6\u00e4, vaikuttavia aineita ja s\u00e4il\u00f6nt\u00e4\u00e4 ym. <br>Oppia ja iloa samalla retkell\u00e4.<\/p>\n\n\n\n<p>Sieniretkell\u00e4 opit tunnistamaan sieni\u00e4 ja saat mets\u00e4n aarteet ulottuvillesi. Tutkimme ja tunnistamme yhdess\u00e4 l\u00f6yt\u00e4m\u00e4mme sienet. Kerron my\u00f6s sienten k\u00e4sittelyst\u00e4 ja s\u00e4il\u00f6misest\u00e4.<\/p>\n\n\n\n<p>Luonnotar tarjoaa my\u00f6s ruoanvalmistuskursseja mm. kaveriporukoille, tyhyp\u00e4iville ja yhdistyksille.<\/p>\n\n\n\n<p>Tarjontaan kuuluvat my\u00f6s erilaiset luennot mm. mielen hyvinvoinnin tueksi ja el\u00e4m\u00e4nilon yll\u00e4pitoon.<br>Ota yhteytt\u00e4 niin r\u00e4\u00e4t\u00e4l\u00f6id\u00e4\u00e4n juuri sinulle sopiva kurssi.<\/p>\n\n\n\n<p><\/p>\n","protected":false},"excerpt":{"rendered":"<p>Villiyrttik\u00e4velyill\u00e4ni opetellaan tunnistamaan tavallisimpia luonnonyrttej\u00e4, niiden k\u00e4ytt\u00f6\u00e4, vaikuttavia aineita ja s\u00e4il\u00f6nt\u00e4\u00e4 ym. Oppia ja iloa samalla retkell\u00e4. Sieniretkell\u00e4 opit tunnistamaan sieni\u00e4 ja saat mets\u00e4n aarteet ulottuvillesi. Tutkimme ja tunnistamme yhdess\u00e4 l\u00f6yt\u00e4m\u00e4mme sienet. Kerron my\u00f6s sienten k\u00e4sittelyst\u00e4 ja s\u00e4il\u00f6misest\u00e4. Luonnotar tarjoaa my\u00f6s ruoanvalmistuskursseja mm. kaveriporukoille, tyhyp\u00e4iville ja yhdistyksille. Tarjontaan kuuluvat my\u00f6s erilaiset luennot mm. mielen hyvinvoinnin tueksi ja el\u00e4m\u00e4nilon yll\u00e4pitoon.Ota yhteytt\u00e4 niin r\u00e4\u00e4t\u00e4l\u00f6id\u00e4\u00e4n juuri sinulle sopiva kurssi.<\/p>\n","protected":false},"author":1,"featured_media":0,"parent":0,"menu_order":0,"comment_status":"closed","ping_status":"closed","template":"","meta":{"footnotes":""},"class_list":["post-50","page","type-page","status-publish","hentry"],"_links":{"self":[{"href":"https:\/\/www.luonnotar.net\/index.php\/wp-json\/wp\/v2\/pages\/50","targetHints":{"allow":["GET"]}}],"collection":[{"href":"https:\/\/www.luonnotar.net\/index.php\/wp-json\/wp\/v2\/pages"}],"about":[{"href":"https:\/\/www.luonnotar.net\/index.php\/wp-json\/wp\/v2\/types\/page"}],"author":[{"embeddable":true,"href":"https:\/\/www.luonnotar.net\/index.php\/wp-json\/wp\/v2\/users\/1"}],"replies":[{"embeddable":true,"href":"https:\/\/www.luonnotar.net\/index.php\/wp-json\/wp\/v2\/comments?post=50"}],"version-history":[{"count":3,"href":"https:\/\/www.luonnotar.net\/index.php\/wp-json\/wp\/v2\/pages\/50\/revisions"}],"predecessor-version":[{"id":326,"href":"https:\/\/www.luonnotar.net\/index.php\/wp-json\/wp\/v2\/pages\/50\/revisions\/326"}],"wp:attachment":[{"href":"https:\/\/www.luonnotar.net\/index.php\/wp-json\/wp\/v2\/media?parent=50"}],"curies":[{"name":"wp","href":"https:\/\/api.w.org\/{rel}","templated":true}]}}