{"id":143,"date":"2025-04-30T16:42:22","date_gmt":"2025-04-30T15:42:22","guid":{"rendered":"https:\/\/wp3.novida.fi\/luonnotarsivusto\/?page_id=143"},"modified":"2025-06-10T08:30:27","modified_gmt":"2025-06-10T08:30:27","slug":"etusivu","status":"publish","type":"page","link":"https:\/\/www.luonnotar.net\/","title":{"rendered":"Etusivu"},"content":{"rendered":"<div class=\"wp-block-image\">\n<figure class=\"aligncenter size-full is-resized\"><img loading=\"lazy\" decoding=\"async\" width=\"816\" height=\"835\" src=\"http:\/\/www.luonnotar.net\/wp-content\/uploads\/2025\/05\/IMG-20250323-WA0004.jpg\" alt=\"\" class=\"wp-image-205\" style=\"width:237px;height:auto\" srcset=\"https:\/\/www.luonnotar.net\/wp-content\/uploads\/2025\/05\/IMG-20250323-WA0004.jpg 816w, https:\/\/www.luonnotar.net\/wp-content\/uploads\/2025\/05\/IMG-20250323-WA0004-293x300.jpg 293w, https:\/\/www.luonnotar.net\/wp-content\/uploads\/2025\/05\/IMG-20250323-WA0004-768x786.jpg 768w\" sizes=\"auto, (max-width: 816px) 100vw, 816px\" \/><\/figure><\/div>\n\n\n<p class=\"has-text-align-left\">Yhden naisen yritys joka kaappaa kainaloonsa juuri sinut. L\u00e4hdet\u00e4\u00e4n yhdess\u00e4 luontoon, voimaannutaan yhdess\u00e4 tekemisest\u00e4 ja onnistumisen ilosta! L\u00e4hde kanssani nauttimaan vihre\u00e4st\u00e4 valtakunnasta, linnun laulusta, tuulen tuiverruksesta ja mets\u00e4n antimista.&nbsp;Unohda hetkeksi huolet ja murheet. Anna itsellesi aikaa heng\u00e4ht\u00e4\u00e4.<\/p>\n\n\n\n<div class=\"wp-block-columns is-layout-flex wp-container-core-columns-is-layout-9d6595d7 wp-block-columns-is-layout-flex\">\n<div class=\"wp-block-column is-layout-flow wp-block-column-is-layout-flow\">\n<figure class=\"wp-block-image size-full is-resized\"><img loading=\"lazy\" decoding=\"async\" width=\"512\" height=\"512\" src=\"http:\/\/www.luonnotar.net\/wp-content\/uploads\/2025\/05\/phone-call_455705-1.png\" alt=\"\" class=\"wp-image-213\" style=\"width:45px;height:auto\" srcset=\"https:\/\/www.luonnotar.net\/wp-content\/uploads\/2025\/05\/phone-call_455705-1.png 512w, https:\/\/www.luonnotar.net\/wp-content\/uploads\/2025\/05\/phone-call_455705-1-300x300.png 300w, https:\/\/www.luonnotar.net\/wp-content\/uploads\/2025\/05\/phone-call_455705-1-150x150.png 150w\" sizes=\"auto, (max-width: 512px) 100vw, 512px\" \/><figcaption class=\"wp-element-caption\">0405740199<\/figcaption><\/figure>\n<\/div>\n\n\n\n<div class=\"wp-block-column is-layout-flow wp-block-column-is-layout-flow\">\n<figure class=\"wp-block-image size-full is-resized\"><img loading=\"lazy\" decoding=\"async\" width=\"512\" height=\"512\" src=\"http:\/\/www.luonnotar.net\/wp-content\/uploads\/2025\/05\/email_6244710-2.png\" alt=\"\" class=\"wp-image-202\" style=\"width:53px;height:auto\" srcset=\"https:\/\/www.luonnotar.net\/wp-content\/uploads\/2025\/05\/email_6244710-2.png 512w, https:\/\/www.luonnotar.net\/wp-content\/uploads\/2025\/05\/email_6244710-2-300x300.png 300w, https:\/\/www.luonnotar.net\/wp-content\/uploads\/2025\/05\/email_6244710-2-150x150.png 150w\" sizes=\"auto, (max-width: 512px) 100vw, 512px\" \/><figcaption class=\"wp-element-caption\"><a href=\"mailto:riitta.laatu@gmail.com\">riitta.laatu@gmail.com<\/a><\/figcaption><\/figure>\n<\/div>\n<\/div>\n\n\n\n<p>Ota yhteytt\u00e4<\/p>\n\n\n\n<div class=\"wp-block-columns is-layout-flex wp-container-core-columns-is-layout-9d6595d7 wp-block-columns-is-layout-flex\">\n<div class=\"wp-block-column is-layout-flow wp-block-column-is-layout-flow\">\n<div class=\"wpcf7 no-js\" id=\"wpcf7-f306-o1\" lang=\"fi\" dir=\"ltr\" data-wpcf7-id=\"306\">\n<div class=\"screen-reader-response\"><p role=\"status\" aria-live=\"polite\" aria-atomic=\"true\"><\/p> <ul><\/ul><\/div>\n<form action=\"\/index.php\/wp-json\/wp\/v2\/pages\/143#wpcf7-f306-o1\" method=\"post\" class=\"wpcf7-form init\" aria-label=\"Yhteydenottolomake\" novalidate=\"novalidate\" data-status=\"init\">\n<fieldset class=\"hidden-fields-container\"><input type=\"hidden\" name=\"_wpcf7\" value=\"306\" \/><input type=\"hidden\" name=\"_wpcf7_version\" value=\"6.1.5\" \/><input type=\"hidden\" name=\"_wpcf7_locale\" value=\"fi\" \/><input type=\"hidden\" name=\"_wpcf7_unit_tag\" value=\"wpcf7-f306-o1\" \/><input type=\"hidden\" name=\"_wpcf7_container_post\" value=\"0\" \/><input type=\"hidden\" name=\"_wpcf7_posted_data_hash\" value=\"\" \/>\n<\/fieldset>\n<p><label> Nimi<br \/>\n<span class=\"wpcf7-form-control-wrap\" data-name=\"your-name\"><input size=\"40\" maxlength=\"400\" class=\"wpcf7-form-control wpcf7-text wpcf7-validates-as-required\" autocomplete=\"name\" aria-required=\"true\" aria-invalid=\"false\" value=\"\" type=\"text\" name=\"your-name\" \/><\/span> <\/label>\n<\/p>\n<p><label> S\u00e4hk\u00f6postiosoite<br \/>\n<span class=\"wpcf7-form-control-wrap\" data-name=\"your-email\"><input size=\"40\" maxlength=\"400\" class=\"wpcf7-form-control wpcf7-email wpcf7-validates-as-required wpcf7-text wpcf7-validates-as-email\" autocomplete=\"email\" aria-required=\"true\" aria-invalid=\"false\" value=\"\" type=\"email\" name=\"your-email\" \/><\/span> <\/label>\n<\/p>\n<p><label> Aihe<br \/>\n<span class=\"wpcf7-form-control-wrap\" data-name=\"your-subject\"><input size=\"40\" maxlength=\"400\" class=\"wpcf7-form-control wpcf7-text wpcf7-validates-as-required\" aria-required=\"true\" aria-invalid=\"false\" value=\"\" type=\"text\" name=\"your-subject\" \/><\/span> <\/label>\n<\/p>\n<p><label> Viestisi<br \/>\n<span class=\"wpcf7-form-control-wrap\" data-name=\"your-message\"><textarea cols=\"40\" rows=\"10\" maxlength=\"2000\" class=\"wpcf7-form-control wpcf7-textarea\" aria-invalid=\"false\" name=\"your-message\"><\/textarea><\/span> <\/label>\n<\/p>\n<p><input class=\"wpcf7-form-control wpcf7-submit has-spinner\" type=\"submit\" value=\"L\u00e4het\u00e4\" \/>\n<\/p><div class=\"wpcf7-response-output\" aria-hidden=\"true\"><\/div>\n<\/form>\n<\/div>\n\n<\/div>\n\n\n\n<div class=\"wp-block-column is-layout-flow wp-block-column-is-layout-flow\">\n<figure class=\"wp-block-image size-large\"><img loading=\"lazy\" decoding=\"async\" width=\"1024\" height=\"525\" src=\"https:\/\/www.luonnotar.net\/wp-content\/uploads\/2025\/05\/IMG_20200709_161037-1024x525.jpg\" alt=\"\" class=\"wp-image-319\" srcset=\"https:\/\/www.luonnotar.net\/wp-content\/uploads\/2025\/05\/IMG_20200709_161037-1024x525.jpg 1024w, https:\/\/www.luonnotar.net\/wp-content\/uploads\/2025\/05\/IMG_20200709_161037-300x154.jpg 300w, https:\/\/www.luonnotar.net\/wp-content\/uploads\/2025\/05\/IMG_20200709_161037-768x393.jpg 768w, https:\/\/www.luonnotar.net\/wp-content\/uploads\/2025\/05\/IMG_20200709_161037-1536x787.jpg 1536w, https:\/\/www.luonnotar.net\/wp-content\/uploads\/2025\/05\/IMG_20200709_161037-2048x1049.jpg 2048w, https:\/\/www.luonnotar.net\/wp-content\/uploads\/2025\/05\/IMG_20200709_161037-527x270.jpg 527w\" sizes=\"auto, (max-width: 1024px) 100vw, 1024px\" \/><\/figure>\n<\/div>\n<\/div>\n","protected":false},"excerpt":{"rendered":"<p>Yhden naisen yritys joka kaappaa kainaloonsa juuri sinut. L\u00e4hdet\u00e4\u00e4n yhdess\u00e4 luontoon, voimaannutaan yhdess\u00e4 tekemisest\u00e4 ja onnistumisen ilosta! L\u00e4hde kanssani nauttimaan vihre\u00e4st\u00e4 valtakunnasta, linnun laulusta, tuulen tuiverruksesta ja mets\u00e4n antimista.&nbsp;Unohda hetkeksi huolet ja murheet. Anna itsellesi aikaa heng\u00e4ht\u00e4\u00e4. Ota yhteytt\u00e4<\/p>\n","protected":false},"author":1,"featured_media":0,"parent":0,"menu_order":0,"comment_status":"closed","ping_status":"closed","template":"","meta":{"footnotes":""},"class_list":["post-143","page","type-page","status-publish","hentry"],"_links":{"self":[{"href":"https:\/\/www.luonnotar.net\/index.php\/wp-json\/wp\/v2\/pages\/143","targetHints":{"allow":["GET"]}}],"collection":[{"href":"https:\/\/www.luonnotar.net\/index.php\/wp-json\/wp\/v2\/pages"}],"about":[{"href":"https:\/\/www.luonnotar.net\/index.php\/wp-json\/wp\/v2\/types\/page"}],"author":[{"embeddable":true,"href":"https:\/\/www.luonnotar.net\/index.php\/wp-json\/wp\/v2\/users\/1"}],"replies":[{"embeddable":true,"href":"https:\/\/www.luonnotar.net\/index.php\/wp-json\/wp\/v2\/comments?post=143"}],"version-history":[{"count":5,"href":"https:\/\/www.luonnotar.net\/index.php\/wp-json\/wp\/v2\/pages\/143\/revisions"}],"predecessor-version":[{"id":328,"href":"https:\/\/www.luonnotar.net\/index.php\/wp-json\/wp\/v2\/pages\/143\/revisions\/328"}],"wp:attachment":[{"href":"https:\/\/www.luonnotar.net\/index.php\/wp-json\/wp\/v2\/media?parent=143"}],"curies":[{"name":"wp","href":"https:\/\/api.w.org\/{rel}","templated":true}]}}